{"id":13,"date":"2018-06-04T13:03:15","date_gmt":"2018-06-04T11:03:15","guid":{"rendered":"https:\/\/candela-ptb.de\/?page_id=13"},"modified":"2024-03-05T12:04:48","modified_gmt":"2024-03-05T11:04:48","slug":"ueber-candela","status":"publish","type":"page","link":"https:\/\/candela-ptb.de\/de\/ueber-candela\/","title":{"rendered":"\u00dcber Candela"},"content":{"rendered":"<p><span data-ogsc=\"rgb(128, 0, 128)\">Candela ist der Blog der <a href=\"https:\/\/www.ptb.de\/cms\/ptb\/fachabteilungen\/abt9\/gruppe-93.html\" target=\"_blank\" rel=\"noopener\">Internationalen Zusammenarbeit<\/a><\/span><span data-ogsc=\"rgb(128, 0, 128)\"> der <a href=\"https:\/\/www.ptb.de\/\" target=\"_blank\" rel=\"noopener\">Physikalisch-Technischen Bundesanstalt<\/a><\/span><span data-ogsc=\"rgb(128, 0, 128)\">. Wir arbeiten gemeinsam mit unseren Partnerl\u00e4ndern an der Entwicklung ihrer Qualit\u00e4tsinfrastruktur. Auf unserem Blog teilen wir regelm\u00e4\u00dfig Neuigkeiten zu unseren Projekten und Veranstaltungen.<\/span><\/p>\n","protected":false},"excerpt":{"rendered":"<p>Candela ist der Blog der Internationalen Zusammenarbeit der Physikalisch-Technischen Bundesanstalt. Wir arbeiten gemeinsam mit unseren Partnerl\u00e4ndern an der Entwicklung ihrer Qualit\u00e4tsinfrastruktur. Auf unserem Blog teilen wir regelm\u00e4\u00dfig Neuigkeiten zu unseren Projekten und Veranstaltungen.<\/p>\n","protected":false},"author":1,"featured_media":0,"parent":0,"menu_order":0,"comment_status":"closed","ping_status":"closed","template":"","meta":{"footnotes":""},"class_list":["post-13","page","type-page","status-publish","hentry","description-off"],"_links":{"self":[{"href":"https:\/\/candela-ptb.de\/de\/wp-json\/wp\/v2\/pages\/13","targetHints":{"allow":["GET"]}}],"collection":[{"href":"https:\/\/candela-ptb.de\/de\/wp-json\/wp\/v2\/pages"}],"about":[{"href":"https:\/\/candela-ptb.de\/de\/wp-json\/wp\/v2\/types\/page"}],"author":[{"embeddable":true,"href":"https:\/\/candela-ptb.de\/de\/wp-json\/wp\/v2\/users\/1"}],"replies":[{"embeddable":true,"href":"https:\/\/candela-ptb.de\/de\/wp-json\/wp\/v2\/comments?post=13"}],"version-history":[{"count":9,"href":"https:\/\/candela-ptb.de\/de\/wp-json\/wp\/v2\/pages\/13\/revisions"}],"predecessor-version":[{"id":6233,"href":"https:\/\/candela-ptb.de\/de\/wp-json\/wp\/v2\/pages\/13\/revisions\/6233"}],"wp:attachment":[{"href":"https:\/\/candela-ptb.de\/de\/wp-json\/wp\/v2\/media?parent=13"}],"curies":[{"name":"wp","href":"https:\/\/api.w.org\/{rel}","templated":true}]}}