{"id":3513,"date":"2021-01-15T14:52:50","date_gmt":"2021-01-15T13:52:50","guid":{"rendered":"https:\/\/candela-ptb.de\/?page_id=3513"},"modified":"2024-03-05T12:06:18","modified_gmt":"2024-03-05T11:06:18","slug":"registrierung","status":"publish","type":"page","link":"https:\/\/candela-ptb.de\/de\/registrierung\/","title":{"rendered":"Registrierung"},"content":{"rendered":"<h1>Bleiben Sie up to date!<\/h1>\n<p>Melden Sie sich an, um stets \u00fcber neue Blogbeitr\u00e4ge informiert zu werden.<\/p>\n\t\t\t\t<div class=\"email_posts_subscribers\" style=\"margin-bottom: var(--global--spacing-unit);\">\r\n\t\t\t\t\t\t<form action=\"#\" method=\"post\" class=\"elp_form\" id=\"elp_form_1775466979\">\r\n\t\t\t\t<p><span class=\"name\">Name<\/span><br \/><input type=\"text\" name=\"name\" id=\"name\" placeholder=\"Name\" value=\"\" maxlength=\"50\" required\/><\/p>\t\t\t\t<p><span class=\"email\">Email<\/span><br \/><input type=\"email\" id=\"email\" name=\"email\" value=\"\" placeholder=\"Email\"  maxlength=\"225\" required\/><\/p>\t\t\t\t\t\t\t\t<p style=\"margin-top:20px;\">\r\n\t\t\t\t<input name=\"submit\" id=\"elp_form_submit_1775466979\" value=\"Absenden\" type=\"submit\" \/>\r\n\t\t\t\t<\/p>\r\n\t\t\t\t<span class=\"elp_form_spinner\" id=\"elp-loading-image\" style=\"display:none;\">\r\n\t\t\t\t\t<img decoding=\"async\" src=\"https:\/\/candela-ptb.de\/wp-content\/plugins\/email-posts-to-subscribers\/inc\/ajax-loader.gif\" \/>\r\n\t\t\t\t<\/span>\r\n\t\t\t\t<input name=\"nonce\" id=\"nonce\" value=\"adac57d994\" type=\"hidden\"\/>\r\n\t\t\t\t<input name=\"group\" id=\"group\" value=\"Public\" type=\"hidden\"\/>\r\n\t\t\t\t<input type=\"text\" style=\"display:none;\" id=\"email_name\" name=\"email_name\" value=\"\" type=\"hidden\"\/>\r\n\t\t\t<\/form>\t\r\n\t\t\t<span class=\"elp_form_message\" id=\"elp_form_message_1775466979\"><\/span>\r\n\t\t<\/div>\r\n\t\t<br \/>\r\n\t\n<p>Sobald wir gebloggt haben, bekommen Sie eine E-Mail. Wir ver\u00f6ffentlichen 2-4 Blogposts im Monat.<\/p>\n","protected":false},"excerpt":{"rendered":"<p>Bleiben Sie up to date! Melden Sie sich an, um stets \u00fcber neue Blogbeitr\u00e4ge informiert zu werden. Sobald wir gebloggt haben, bekommen Sie eine E-Mail. Wir ver\u00f6ffentlichen 2-4 Blogposts im Monat.<\/p>\n","protected":false},"author":1,"featured_media":0,"parent":0,"menu_order":0,"comment_status":"closed","ping_status":"closed","template":"","meta":{"footnotes":""},"class_list":["post-3513","page","type-page","status-publish","hentry","description-off"],"_links":{"self":[{"href":"https:\/\/candela-ptb.de\/de\/wp-json\/wp\/v2\/pages\/3513","targetHints":{"allow":["GET"]}}],"collection":[{"href":"https:\/\/candela-ptb.de\/de\/wp-json\/wp\/v2\/pages"}],"about":[{"href":"https:\/\/candela-ptb.de\/de\/wp-json\/wp\/v2\/types\/page"}],"author":[{"embeddable":true,"href":"https:\/\/candela-ptb.de\/de\/wp-json\/wp\/v2\/users\/1"}],"replies":[{"embeddable":true,"href":"https:\/\/candela-ptb.de\/de\/wp-json\/wp\/v2\/comments?post=3513"}],"version-history":[{"count":5,"href":"https:\/\/candela-ptb.de\/de\/wp-json\/wp\/v2\/pages\/3513\/revisions"}],"predecessor-version":[{"id":6234,"href":"https:\/\/candela-ptb.de\/de\/wp-json\/wp\/v2\/pages\/3513\/revisions\/6234"}],"wp:attachment":[{"href":"https:\/\/candela-ptb.de\/de\/wp-json\/wp\/v2\/media?parent=3513"}],"curies":[{"name":"wp","href":"https:\/\/api.w.org\/{rel}","templated":true}]}}